{"id":621,"date":"2023-12-07T14:33:18","date_gmt":"2023-12-07T13:33:18","guid":{"rendered":"https:\/\/www.heidi-feldenkrais.de\/sample-page\/?page_id=621"},"modified":"2026-02-02T19:40:57","modified_gmt":"2026-02-02T18:40:57","slug":"faq","status":"publish","type":"page","link":"https:\/\/www.heidi-feldenkrais.de\/sample-page\/?page_id=621","title":{"rendered":"FAQ"},"content":{"rendered":"<p>[et_pb_section fb_built=&#8220;1&#8243; fullwidth=&#8220;on&#8220; _builder_version=&#8220;4.27.5&#8243; _module_preset=&#8220;default&#8220; background_image=&#8220;http:\/\/www.heidi-feldenkrais.de\/wp-content\/uploads\/2024\/02\/11IMG_5872-scaled.jpg&#8220; global_colors_info=&#8220;{}&#8220;][et_pb_fullwidth_slider _builder_version=&#8220;4.27.5&#8243; _module_preset=&#8220;default&#8220; header_text_color=&#8220;#C6D7EB&#8220; background_color=&#8220;#C6D7EB&#8220; background_image=&#8220;http:\/\/www.heidi-feldenkrais.de\/wp-content\/uploads\/2024\/02\/11IMG_5872-scaled.jpg&#8220; hover_enabled=&#8220;0&#8243; global_colors_info=&#8220;{}&#8220; sticky_enabled=&#8220;0&#8243;][et_pb_slide heading=&#8220;F A Q s&#8220; _builder_version=&#8220;4.27.5&#8243; _module_preset=&#8220;default&#8220; header_level=&#8220;h1&#8243; header_font=&#8220;||||||||&#8220; header_text_color=&#8220;#D9A5B3&#8243; header_font_size=&#8220;70px&#8220; body_font=&#8220;Lato||||||||&#8220; body_font_size=&#8220;31px&#8220; background_color=&#8220;#C6D7EB&#8220; background_enable_color=&#8220;on&#8220; background_image=&#8220;http:\/\/www.heidi-feldenkrais.de\/wp-content\/uploads\/2024\/02\/12IMG_5876-scaled.jpg&#8220; background_enable_image=&#8220;on&#8220; hover_enabled=&#8220;0&#8243; global_colors_info=&#8220;{}&#8220; sticky_transition=&#8220;on&#8220; alt=&#8220;Heidi Feldenkrais Sch\u00f6mberg Pforzheim Calw&#8220; title_text=&#8220;12IMG_5876&#8243; sticky_enabled=&#8220;0&#8243;]<\/p>\n<p>Fragen. Antworten. Klarheit.<\/p>\n<p>Feldenkrais verstehen.<\/p>\n<p>[\/et_pb_slide][\/et_pb_fullwidth_slider][\/et_pb_section][et_pb_section fb_built=&#8220;1&#8243; _builder_version=&#8220;4.27.5&#8243; _module_preset=&#8220;default&#8220; background_color=&#8220;#F5F1ED&#8220; link_option_url=&#8220;https:\/\/www.heidi-feldenkrais.de\/sample-page\/?et_fb=1&#038;PageSpeed=off&#8220; global_colors_info=&#8220;{}&#8220;][et_pb_row column_structure=&#8220;1_2,1_2&#8243; _builder_version=&#8220;4.23.1&#8243; _module_preset=&#8220;default&#8220; global_colors_info=&#8220;{}&#8220;][et_pb_column type=&#8220;1_2&#8243; _builder_version=&#8220;4.23.1&#8243; _module_preset=&#8220;default&#8220; global_colors_info=&#8220;{}&#8220;][et_pb_text _builder_version=&#8220;4.24.0&#8243; _module_preset=&#8220;default&#8220; text_text_color=&#8220;#4A536B&#8220; custom_padding=&#8220;2px|||||&#8220; global_colors_info=&#8220;{}&#8220;]<\/p>\n<p><span style=\"color: #ed6d88;\"><strong><span style=\"color: #d9a5b3;\">ZU FELDENKRAIS<\/span><br \/><\/strong><\/span><span style=\"font-size: 14px;\">Feldenkrais ist eine ganzheitliche Lernmethode, die uns Wege zeigt unsere Gewohnheiten bewusst wahrzunehmen und sie zu \u00e4ndern.<\/span><\/p>\n<p>[\/et_pb_text][et_pb_text _builder_version=&#8220;4.23.1&#8243; _module_preset=&#8220;default&#8220; text_text_color=&#8220;#4A536B&#8220; custom_padding=&#8220;2px|||||&#8220; global_colors_info=&#8220;{}&#8220;]<\/p>\n<p><strong><span style=\"color: #d9a5b3;\"><span style=\"caret-color: #d9a5b3;\">AUSWIRKUNGEN AUF DAS NERVENSYSTEM<\/span><\/span><br \/><\/strong><span style=\"font-size: 14px;\">Bewusst und leicht ausgef\u00fchrte Bewegungen regulieren unser Nervensystem.<br \/><\/span><span style=\"font-size: 14px;\">Unangenehme Zust\u00e4nde minimieren sich (Stress, Sorgen, Unruhe&#8230;).<br \/><\/span><span style=\"font-size: 14px;\">Angenehme Gef\u00fchle etablieren sich ( Entspannung, Sicherheit, Vertrauen).<\/span><\/p>\n<p><strong style=\"font-size: 14px;\"><span style=\"color: #ed6d88;\"><span style=\"color: #d9a5b3;\">LEICHTIGKEIT IN BEWEGUNG<\/span><br \/><\/span><\/strong><span style=\"font-size: 14px;\">Der Mensch kann feine Unterscheidungen vornehmen in dem was er tut.\u00a0<\/span><span style=\"font-size: 14px;\">Mosh\u00e9 Feldenkrais erkannte, dass die Genauigkeit der kinesth\u00e4tischen Empfindung zunimmt, wenn die muskul\u00e4re Anstrengung verringert wird, und bezieht sich dabei auf das <\/span><strong style=\"font-size: 14px;\">Weber- Fechner- Gesetz.\u00a0<\/strong>Die beiden Wissenschaftler haben herausgefunden, dass die St\u00e4rke von Sinneseindr\u00fccken logarithmisch zur Intensit\u00e4t des physikalischen Reizes verl\u00e4uft oder anders gesagt: dass zwischen der Gr\u00f6sse des Reizes ( z. B. Licht, Klang, muskul\u00e4re Arbeit&#8230;) und der Ver\u00e4nderung in diesem Reiz, welcher erforderlich ist, dass wir einen Unterschied bemerken ein konstantes Verh\u00e4ltnis besteht. Im Bereich kinesth\u00e4tischer Empfindungen betr\u00e4gt die Konstante ein Vierzigstel.<\/p>\n<p><strong style=\"font-size: 14px;\"><span style=\"color: #ed6d88;\"><span style=\"color: #4a536b;\"><span style=\"color: #d9a5b3;\">KEINE VER\u00c4NDERUNG NACH DER ERSTEN FELDENKRAISSTUNDE<\/span><br \/><\/span><\/span><\/strong><span style=\"font-size: 14px;\">Wenn Du nach der ersten Feldenkraisstunde keine Ver\u00e4nderung in Deinem K\u00f6rper(bild) bemerkst, kann das daran liegen, dass Du zuviel Muskelspannung eingesetzt hast. Ein Dir m\u00f6glicherweise noch nicht bewusst gewordener, \u00fcberm\u00e4ssiger Muskelkrafteinsatz kann verhindern, dass Du eine Ver\u00e4nderung erfahren konntest.<\/span><\/p>\n<p><span style=\"font-size: 14px;\">Gib Dir Zeit. Gehe sinnlich forschend, spielerisch, neugierig und wachsam an das Wecken und Weiterentwickeln Deiner eigenen K\u00f6rperintelligenz.<br \/><\/span><strong style=\"font-size: 14px;\"><span style=\"color: #ed6d88;\"><br \/><span style=\"color: #d9a5b3;\">WOZU DIENEN DIE PAUSEN IN DEN LEKTIONEN?<\/span><br \/><\/span><\/strong><span style=\"font-size: 14px;\">In einer Feldenkrais- Stunde kommen wir immer wieder auf den R\u00fccken zur\u00fcck und machen eine kleine Pause. Dies sind viele kleine Referenzmomente f\u00fcr&#8217;s Lernen, denn das was wir nach den sanften und weichen Bewegungen sp\u00fcren oder entdecken, w\u00fcrden wir ohne den neutralen Spiegel des Bodens nicht erleben.\u00a0<\/span><span style=\"font-size: 14px;\">Unser Gehirn arbeitet w\u00e4hrend der Pausen weiter und integriert die Information jeder Bewegung. Dies ist ein wesentlicher Bestandteil f\u00fcr den Prozess einer ATM.\u00a0<\/span><span style=\"font-size: 14px;\">Meistens ist es\u00a0so, dass nach einer kleinen Pause dieselbe Bewegung leichter gelingt als vorher, obwohl in der Zwischenzeit scheinbar nichts passiert ist.<br \/><\/span><span style=\"font-size: 14px;\">Und eigentlich ist es wie in der Musik. Auch da sind die Pausen gef\u00fcllt mit Musik. Wenn sie nicht w\u00e4ren w\u00fcrde etwas ganz Wesentliches fehlen. Und in der Bewegung ist es genauso.<\/span><\/p>\n<p><span style=\"color: #d9a5b3;\"><strong>PRAKTISCHES<\/strong><\/span><br \/>Feldenkrais wird in der R\u00fccken-, Seit- und Bauchlage, im Sitzen oder Stehen unterrichtet.\u00a0<br \/>Da die Bewegungen leicht und ohne gro\u00dfe k\u00f6rperliche Anstrengung gemacht werden, wird warme und bequeme Kleidung empfohlen.<\/p>\n<p><strong><span style=\"color: #d9a5b3;\">Was unterscheidet Feldenkrais von Gymnastik, Pilates, Yoga?<\/span><br \/><\/strong>&#8222;Wenn du wei\u00dft, was du tust, kannst du tun was du willst!&#8220;. So lautet das Credo, das die Feldenkrais-Methode von Gymnastik, Pilates und Yoga\u00a0unterscheidet. Hinter Feldenkrais steckt nichts Spirituelles, auch wenn\u00a0die meisten das denken, wenn sie den Namen zum ersten Mal h\u00f6ren. Basis ist vielmehr die\u00a0menschliche Anatomie und das Erkunden der Wahrnehmungsf\u00e4higkeit.<\/p>\n<p><strong><span style=\"color: #ed6d88;\"><span style=\"color: #d9a5b3;\">FELDENKRAIS IST NICHT GEEIGNET<\/span><br \/><\/span><\/strong><span style=\"font-size: 14px;\">Feldenkrais ist nicht geeignet f\u00fcr Menschen mit Entz\u00fcndungen oder Frakturen. Verletzungen und akute Erkrankungen sollten immer von einem Arzt behandelt werden. Psychische Erkrankungen ben\u00f6tigen fach\u00e4rztliche Hilfe.<\/span><\/p>\n<p>&nbsp;<\/p>\n<p>&nbsp;<\/p>\n<p>&nbsp;<\/p>\n<p>[\/et_pb_text][\/et_pb_column][et_pb_column type=&#8220;1_2&#8243; _builder_version=&#8220;4.23.1&#8243; _module_preset=&#8220;default&#8220; global_colors_info=&#8220;{}&#8220;][et_pb_text _builder_version=&#8220;4.23.1&#8243; _module_preset=&#8220;default&#8220; global_colors_info=&#8220;{}&#8220;]<\/p>\n<div class=\"et-fb-mousetrap et-fb-mousetrap--column\"><\/div>\n<div class=\"et_fb_editing_enabled et-module-1c2ba447-c6a7-4828-9dac-a6d1fb8478a3 et_pb_text et_pb_module ui-sortable et_pb_text_0 et-animated--vb et_pb_text_align_left et_pb_bg_layout_light et-pb-with-global-presets et-first-child\" data-address=\"1.0.0.0\" dynamic=\"[object Object]\" matching=\"[object Object]\" parent_slug=\"et_pb_column\" theme_builder_suffix=\"\" wp_editor_suffix=\"\" wrapper_settings=\"[object Object]\" _key=\"1c2ba447-c6a7-4828-9dac-a6d1fb8478a3\">\n<div class=\"et_pb_text_inner\">\n<div data-shortcode-id=\"1.0.0.0-1702399658622\" data-quickaccess-editable=\"yes\" class=\"et-fb-popover-tinymce\">\n<div class=\"mce-content-body\" contenteditable=\"false\">\n<p><strong>Wer war Dr. Mosh\u00e9 Feldenkrais?<br \/><\/strong>Mosh\u00e9 Feldenkrais wurde 1904 in der heutigen Ukraine geboren. Mit 14 Jahren wanderte er nach Israel aus. Es folgten Jahre in Paris, wo er in Physik\u00a0promovierte und tief in die Lehre des Judo eintauchte. Im 2. WK musste er nach London fliehend 1950 kehrte er nach Israel zur\u00fcck. Aufgrund einer alten Knieverletzung began Mosh\u00e9 Feldenkrais mit Bewegung zu experimentieren und vereinte sein Wissen als Physiker, seine Studien \u00fcber Psychologie, Biologie, Physiologie und die Plastizit\u00e4t des Gehirns zur &#8222;Feldenkrais- Methode&#8220;.<br \/>Mosh\u00e9 Feldenkrais verstand seine Methode nicht als Therapie, sondern als Lernprozess, durch den ung\u00fcnstige Gewohnheiten in der Haltung und Bewegungsweise tiefgreifend ver\u00e4ndert werden. Im Mittelpunkt steht die aufmerksame, bewusste Wahrnehmung von Bewegungsabl\u00e4ufen. Er erkannte, dass muskul\u00e4re Strukturen eng mit Gef\u00fchl- und Denkmustern verkn\u00fcpft sind. Die Verbesserung von Bewegungsmustern stellt also auch eine gute Basis f\u00fcr positive Ver\u00e4nderungen im emotionalen und mentalen Bereich dar.<\/p>\n<\/div>\n<\/div>\n<\/div>\n<\/div>\n<p><strong style=\"font-size: 14px;\"><span style=\"color: #ed6d88;\"><br \/>Wieso Feldenkrais?<br \/><\/span><\/strong><strong style=\"font-size: 14px;\"><span style=\"color: #ed6d88;\">f\u00fcr mehr Vielfalt in der Selbstwahrnehmung<br \/><\/span><\/strong><span style=\"font-size: 14px;\">Viel zu oft vergleichen wir unsere Haltung und unser Wohlbefinden mit dem anderer ohne uns Zeit zu nehmen zu sp\u00fcren wie wir uns eigentlich f\u00fchlen. Ohne ganz wir selbst zu sein.<br \/><\/span><strong style=\"font-size: 14px;\"><span style=\"color: #ed6d88;\">mehr Balance<br \/><\/span><\/strong><span style=\"font-size: 14px;\">Die achtsamen, bewusst ausgef\u00fchrten Bewegungen bringen dich ins HIER und JETZT.<br \/><\/span><span style=\"font-size: 14px;\">Du sp\u00fcrst weniger Stress und kannst Herausforderungen gelassener annehmen.<br \/><\/span><strong style=\"font-size: 14px; color: #ed6d88;\">mehr Lebendigkeit<br \/><\/strong><span style=\"font-size: 14px;\">Raus aus dem Autopilot &#8211; rein in die Lebendigkeit.<br \/><\/span><span style=\"font-size: 14px;\">Du erlebst mehr Wachheit und Leichtigkeit<br \/><\/span><strong style=\"font-size: 14px;\"><span style=\"color: #ed6d88;\">mehr Kreativit\u00e4t<br \/><\/span><\/strong><span style=\"font-size: 14px;\">Es wird der kreative Zugang zu dem ungenutzten Potential, das wir alle in uns tragen gef\u00f6rdert (wahrscheinlich nutzen wir nur 10- 15% unserer M\u00f6glichkeiten). Feldenkrais setzt an bei der unbegrenzten Lernf\u00e4higkeit von uns Menschen und einer tiefen Weisheit, die dem K\u00f6rper innewohnt.<\/span><\/p>\n<p>&nbsp;<\/p>\n<p>[\/et_pb_text][et_pb_image src=&#8220;http:\/\/www.heidi-feldenkrais.de\/wp-content\/uploads\/2024\/02\/2IMG_5829-scaled.jpg&#8220; alt=&#8220;Feldenkrais, Pforzheim . , Calw, R\u00fcckenschmerzen&#8220; title_text=&#8220;2IMG_5829&#8243; _builder_version=&#8220;4.24.2&#8243; _module_preset=&#8220;default&#8220; background_color=&#8220;#CABFB7&#8243; global_colors_info=&#8220;{}&#8220;][\/et_pb_image][\/et_pb_column][\/et_pb_row][\/et_pb_section][et_pb_section fb_built=&#8220;1&#8243; fullwidth=&#8220;on&#8220; _builder_version=&#8220;4.27.5&#8243; _module_preset=&#8220;default&#8220; background_color=&#8220;#D9A5B3&#8243; global_colors_info=&#8220;{}&#8220;][et_pb_fullwidth_slider _builder_version=&#8220;4.27.5&#8243; _module_preset=&#8220;default&#8220; header_font=&#8220;|600|||||||&#8220; background_color=&#8220;#C6D7EB&#8220; global_colors_info=&#8220;{}&#8220;][et_pb_slide _builder_version=&#8220;4.27.5&#8243; _module_preset=&#8220;default&#8220; header_level=&#8220;h1&#8243; header_text_color=&#8220;#4A536B&#8220; body_font=&#8220;Lato|600|||||||&#8220; body_text_color=&#8220;#4A536B&#8220; background_color=&#8220;#CABFB7&#8243; background_enable_color=&#8220;on&#8220; global_colors_info=&#8220;{}&#8220; sticky_transition=&#8220;on&#8220;]<\/p>\n<h3 style=\"text-align: center;\"><span style=\"color: #4a536b;\">Dr. Mosh\u00e9 Feldenkrais<\/span><\/h3>\n<p style=\"text-align: center;\">&#8222;Fortschritte begabter Menschen entstehen dadurch, dass sie sich ihrer selbst inne sind, w\u00e4hrend sie tun. Ihr Talent entspringt der Freiheit, ihre Verfahrensweise zu w\u00e4hlen, ja man k\u00f6nnte beinahe sagen, dass, was wir Talent nennen, nichts anderes als diese Freiheit ist.&#8220;<\/p>\n<p>[\/et_pb_slide][et_pb_slide _builder_version=&#8220;4.27.5&#8243; _module_preset=&#8220;default&#8220; header_text_color=&#8220;#4A536B&#8220; body_font=&#8220;|600|||||||&#8220; body_text_color=&#8220;#4A536B&#8220; background_color=&#8220;#CABFB7&#8243; background_enable_color=&#8220;on&#8220; global_colors_info=&#8220;{}&#8220; sticky_transition=&#8220;on&#8220;]<\/p>\n<h3><span style=\"color: #4a536b;\">Mosh\u00e9 Feldenkrais<\/span><\/h3>\n<p style=\"text-align: center;\">&#8222;Jeder Moment, in dem man wach ist, ist ein \u00a0Zusammenspiel aus Denken, F\u00fchlen, Bewegen und Empfinden. Diese Dinge balancieren sich aus und dann entsteht Bewusstheit, dann entstehen reife, erwachsene Entscheidungen.&#8220;<\/p>\n<p>[\/et_pb_slide][et_pb_slide _builder_version=&#8220;4.27.5&#8243; _module_preset=&#8220;default&#8220; header_text_color=&#8220;#4A536B&#8220; body_font=&#8220;|600|||||||&#8220; body_text_color=&#8220;#4A536B&#8220; background_color=&#8220;#CABFB7&#8243; background_enable_color=&#8220;on&#8220; global_colors_info=&#8220;{}&#8220; sticky_transition=&#8220;on&#8220;]<\/p>\n<h4 style=\"text-align: center;\"><span style=\"color: #4a536b;\">Dr. Mosh\u00e9 Feldenkrais<\/span><\/h4>\n<p style=\"text-align: center;\">&#8222;Alles Leben ist Bewegung. Beweglicher werden heisst lebendiger werden, k\u00f6rperlich, geistig, seelisch.&#8220;<\/p>\n<p>[\/et_pb_slide][et_pb_slide _builder_version=&#8220;4.27.5&#8243; _module_preset=&#8220;default&#8220; header_text_color=&#8220;#4A536B&#8220; body_font=&#8220;|600|||||||&#8220; body_text_color=&#8220;#4A536B&#8220; background_color=&#8220;#CABFB7&#8243; background_enable_color=&#8220;on&#8220; global_colors_info=&#8220;{}&#8220; sticky_transition=&#8220;on&#8220;]<\/p>\n<h3 style=\"text-align: center;\"><span style=\"color: #4a536b;\">Dr. Mosh\u00e9 Feldenkrais<\/span><\/h3>\n<p>&#8222;Sich selbst zu erkennen, scheint mir das Wichtigste, was ein Mensch f\u00fcr sich tun kann. Aber wie kann man sich erkennen? Indem man lernt zu tun, nicht wie man &#8222;sollte&#8220;, sondern wie es einem selbst gem\u00e4\u00df ist.&#8220;<\/p>\n<p>[\/et_pb_slide][\/et_pb_fullwidth_slider][\/et_pb_section]<\/p>\n","protected":false},"excerpt":{"rendered":"<p>Fragen. Antworten. Klarheit. Feldenkrais verstehen.ZU FELDENKRAISFeldenkrais ist eine ganzheitliche Lernmethode, die uns Wege zeigt unsere Gewohnheiten bewusst wahrzunehmen und sie zu \u00e4ndern.AUSWIRKUNGEN AUF DAS NERVENSYSTEMBewusst und leicht ausgef\u00fchrte Bewegungen regulieren unser Nervensystem.Unangenehme Zust\u00e4nde minimieren sich (Stress, Sorgen, Unruhe&#8230;).Angenehme Gef\u00fchle etablieren sich ( Entspannung, Sicherheit, Vertrauen). LEICHTIGKEIT IN BEWEGUNGDer Mensch kann feine Unterscheidungen vornehmen in dem [&hellip;]<\/p>\n","protected":false},"author":1,"featured_media":0,"parent":0,"menu_order":0,"comment_status":"closed","ping_status":"closed","template":"","meta":{"_et_pb_use_builder":"on","_et_pb_old_content":"","_et_gb_content_width":"","footnotes":""},"class_list":["post-621","page","type-page","status-publish","hentry"],"_links":{"self":[{"href":"https:\/\/www.heidi-feldenkrais.de\/sample-page\/index.php?rest_route=\/wp\/v2\/pages\/621","targetHints":{"allow":["GET"]}}],"collection":[{"href":"https:\/\/www.heidi-feldenkrais.de\/sample-page\/index.php?rest_route=\/wp\/v2\/pages"}],"about":[{"href":"https:\/\/www.heidi-feldenkrais.de\/sample-page\/index.php?rest_route=\/wp\/v2\/types\/page"}],"author":[{"embeddable":true,"href":"https:\/\/www.heidi-feldenkrais.de\/sample-page\/index.php?rest_route=\/wp\/v2\/users\/1"}],"replies":[{"embeddable":true,"href":"https:\/\/www.heidi-feldenkrais.de\/sample-page\/index.php?rest_route=%2Fwp%2Fv2%2Fcomments&post=621"}],"version-history":[{"count":9,"href":"https:\/\/www.heidi-feldenkrais.de\/sample-page\/index.php?rest_route=\/wp\/v2\/pages\/621\/revisions"}],"predecessor-version":[{"id":2031,"href":"https:\/\/www.heidi-feldenkrais.de\/sample-page\/index.php?rest_route=\/wp\/v2\/pages\/621\/revisions\/2031"}],"wp:attachment":[{"href":"https:\/\/www.heidi-feldenkrais.de\/sample-page\/index.php?rest_route=%2Fwp%2Fv2%2Fmedia&parent=621"}],"curies":[{"name":"wp","href":"https:\/\/api.w.org\/{rel}","templated":true}]}}