{"id":15,"date":"2023-04-10T20:49:19","date_gmt":"2023-04-10T18:49:19","guid":{"rendered":"http:\/\/heidi-feldenkrais.de\/?page_id=15"},"modified":"2026-02-08T22:09:03","modified_gmt":"2026-02-08T21:09:03","slug":"ueber-mich","status":"publish","type":"page","link":"https:\/\/www.heidi-feldenkrais.de\/sample-page\/?page_id=15","title":{"rendered":"HEIDI"},"content":{"rendered":"<p>[et_pb_section fb_built=&#8220;1&#8243; admin_label=&#8220;Header&#8220; _builder_version=&#8220;4.27.5&#8243; _module_preset=&#8220;default&#8220; background_color=&#8220;#F5F1ED&#8220; collapsed=&#8220;on&#8220; global_colors_info=&#8220;{}&#8220;][et_pb_row _builder_version=&#8220;4.20.0&#8243; _module_preset=&#8220;default&#8220; width=&#8220;76.2%&#8220; global_colors_info=&#8220;{}&#8220;][et_pb_column type=&#8220;4_4&#8243; _builder_version=&#8220;4.20.0&#8243; _module_preset=&#8220;default&#8220; global_colors_info=&#8220;{}&#8220;][et_pb_heading title=&#8220;H E I D I&#8220; _builder_version=&#8220;4.27.2&#8243; _module_preset=&#8220;default&#8220; title_font=&#8220;|800|||||||&#8220; title_text_align=&#8220;center&#8220; title_text_color=&#8220;#D9A5B3&#8243; title_font_size=&#8220;50px&#8220; custom_margin=&#8220;||-8px|||&#8220; global_colors_info=&#8220;{}&#8220;][\/et_pb_heading][et_pb_text _builder_version=&#8220;4.27.4&#8243; _module_preset=&#8220;default&#8220; text_font=&#8220;Sacramento||||||||&#8220; text_font_size=&#8220;23px&#8220; header_font=&#8220;||on||||||&#8220; header_font_size=&#8220;50px&#8220; custom_padding=&#8220;||5px|||&#8220; inline_fonts=&#8220;Sacramento&#8220; global_colors_info=&#8220;{}&#8220;]<\/p>\n<p style=\"text-align: center;\">&#8222;Bewu\u00dftheit gibt uns die Freiheit, eine Wahl zu treffen.&#8220;<br \/>Mosh\u00e9 Feldenkrais<\/p>\n<p>[\/et_pb_text][\/et_pb_column][\/et_pb_row][et_pb_row custom_padding_last_edited=&#8220;on|tablet&#8220; _builder_version=&#8220;4.27.5&#8243; _module_preset=&#8220;default&#8220; background_color=&#8220;#F5F1ED&#8220; custom_padding=&#8220;48px|80px|48px|80px|true|true&#8220; custom_padding_tablet=&#8220;40px|40px|40px|40px|true|true&#8220; custom_padding_phone=&#8220;20px|20px|20px|20px|true|true&#8220; global_colors_info=&#8220;{}&#8220;][et_pb_column type=&#8220;4_4&#8243; _builder_version=&#8220;4.20.0&#8243; _module_preset=&#8220;default&#8220; global_colors_info=&#8220;{}&#8220;][et_pb_image src=&#8220;http:\/\/www.heidi-feldenkrais.de\/wp-content\/uploads\/2024\/02\/22IMG_5950__2-scaled.jpg&#8220; alt=&#8220;Heidi Zimmermann Feldenkrais Lehrerin Pforzheim Calw&#8220; title_text=&#8220;22IMG_5950__2&#8243; _builder_version=&#8220;4.24.2&#8243; _module_preset=&#8220;default&#8220; width=&#8220;68%&#8220; module_alignment=&#8220;center&#8220; global_colors_info=&#8220;{}&#8220;][\/et_pb_image][et_pb_text _builder_version=&#8220;4.20.4&#8243; _module_preset=&#8220;66240cde-9032-45f8-9bd6-601de9ca6b15&#8243; text_text_color=&#8220;#4A536B&#8220; inline_fonts=&#8220;Lato&#8220; global_colors_info=&#8220;{}&#8220;]<!-- \/divi:paragraph --><!-- divi:paragraph --><\/p>\n<h4><span style=\"font-family: Lato; font-weight: normal; color: #000000;\"><span style=\"color: #4a536b;\"><br \/>Ich bin Heidi Zimmermann, 1978 geboren und wohne mit meinem Mann, meinen beiden T\u00f6chtern und unserem wundervollen Labrador in Sch\u00f6mberg.<\/span><br \/><\/span><br \/><span style=\"font-family: Lato; font-weight: normal; color: #4a536b;\">Die Feldenkrais- Arbeit hat mich von der ersten Stunde an fasziniert. Sie erm\u00f6glicht mir, mich immer wieder neu zu entdecken, meinen K\u00f6rper besser zu verstehen, mehr Lebensenergie zu sp\u00fcren und den Alltag leichter zu gestalten.\u00a0<\/p>\n<p><\/span><span style=\"color: #4a536b;\">Meine vierj\u00e4hrige Ausbildung habe ich in Bad T\u00f6lz bei Beatriz Walterspiel absolviert, einer der letzten Lehrerinnen, die noch direkt bei Moshe Feldenkrais gelernt haben. Diese fundierte Ausbildung pr\u00e4gt meine Arbeit bis heute. Sie basiert auf Achtsamkeit, einem pr\u00e4zisen und tiefen Verst\u00e4ndnis f\u00fcr den Menschen, seine Bewegungen und sein Nervensystem.<\/span><\/h4>\n<h4><span style=\"color: #4a536b;\">In meinen Einzel- und Gruppenstunden begleite ich Menschen, die sich nach Klarheit, Leichtigkeit und Verbindung zu sich selbst sehen. In einem gesch\u00fctzen Raum darf sich zeigen, was da ist und entstehen was entstehen m\u00f6chte. Ohne Druck. Ohne Leistung.<\/span><br \/><span style=\"color: #4a536b;\">So werden Bewegung, Wahrnehmung und Selbstverst\u00e4ndnis leicht, lebendig und stimmig. <br \/>Ver\u00e4nderung geschieht dabei leise, im eigenen Tempo und oft mit einer \u00fcberraschenden Leichtigkeit.<\/span><\/h4>\n<h4><span style=\"color: #4a536b;\">Ich arbeite feinf\u00fchlig, zugewandt und gleichzeitig klar und strukturiert. <br \/>Meine langj\u00e4hrige Erfahrung mit Menschen, verbunden mit meinem sportlichen Hintergrund &#8211; Tennis begleitet mich seit meinem f\u00fcnften Lebensjahr &#8211; schenkt mir ein ausgepr\u00e4gtes K\u00f6rpergef\u00fchl und viel Pr\u00e4senz in meiner Arbeit.<\/span><\/h4>\n<h4><span style=\"color: #4a536b;\">Mein Angebot richtet sich an Menschen mit Stress, Schmerzen oder in Umbruchphasen, die sich selbst wieder bewusster sp\u00fcren und ihrem K\u00f6rper und sich selbst mehr vertrauen m\u00f6chten.<\/p>\n<p><\/span><\/h4>\n<h2><span style=\"color: #4a536b; font-family: Lato;\"><span style=\"font-size: 22px;\"><span style=\"text-decoration: underline;\">seit Oktober 2024 zertifizierte FELDENKRAIS\u00ae \u00a0Lehrerin FVD<\/span><br \/><\/span><\/span><span style=\"color: #4a536b; font-family: Lato;\"><span style=\"font-size: 22px;\">der FELDENKRAIS\u00ae Methode:<\/span><\/span><span style=\"color: #4a536b; font-family: Lato;\"><span style=\"font-size: 22px;\"><br \/>FELDENKRAIS\u00ae Bewusstheit durch Bewegung und<br \/>FELDENKRAIS\u00ae Funktionale Integration<\/span><\/span><\/h2>\n<p><strong style=\"font-size: 18px;\"> <\/strong><\/p>\n<h3><strong><span style=\"color: #4a536b;\"><span style=\"font-size: large;\">2020 &#8211; 2024 Ausbildung zur FELDENKRAIS\u00ae Lehrerin<\/span><\/span><br \/><span style=\"font-size: 22px; font-weight: normal;\"><span style=\"color: #4a536b;\">p\u00e4dagogische Leitung Beatriz Walterspiel<\/span> <span style=\"color: #d9a5b3;\">\u00a0<span style=\"font-family: Lato; font-weight: normal;\"><a href=\"https:\/\/www.feldenkraiszentrum.de\/chava-shelhav\/\" style=\"color: #d9a5b3;\">https:\/\/www.feldenkraiszentrum.de<\/a><\/span><\/span><\/span><\/strong><\/h3>\n<h4><strong><span style=\"color: #4a536b; font-family: Lato;\"><span style=\"font-size: 22px;\">2022 Weiterbildung\u00a0<br \/><\/span><\/span><\/strong><span style=\"font-size: 16px; color: #4a536b;\"><strong style=\"font-size: 16px;\">&#8211; &#8222;<\/strong>Lernen braucht Bewegung&#8220; ATM&#8217;s f\u00fcr Kindergruppen <\/span><span style=\"font-size: 16px; color: #d9a5b3; font-family: Lato;\"><a href=\"http:\/\/www.feldenkrais-schulekita.de\" style=\"color: #d9a5b3;\">www.feldenkrais-schulekita.d<\/a>e<\/span><\/h4>\n<h4><strong><span style=\"color: #4a536b; font-family: Lato;\"><span style=\"font-size: 22px;\">2017 &#8211; heute Erfahrungen und Seminare mit Feldenkrais:<\/span><\/span><\/strong><\/h4>\n<h3><span style=\"color: #4a536b; font-family: Lato; font-weight: normal;\">&#8211; Feldenkrais- Kurse bei Gabriele Ke\u00dfler- Schlicksupp, Stephanie Schacht<\/span><br \/><span style=\"color: #4a536b; font-family: Lato; font-weight: normal;\">&#8211; Feldenkrais-Workshops bei Gabriele Ke\u00dfler- Schlicksupp, Cornelia Georgus, <br \/>\u00a0 \u00a0Matthias Rie\u00dfland, Anna Triebel- Thome, Beatriz Walterspiel<\/span><br \/><span style=\"color: #4a536b; font-family: Lato; font-weight: normal;\">&#8211; regelm\u00e4ssiges Treffen und Austausch mit Kollegen<\/span><\/h3>\n<h3><\/h3>\n<blockquote class=\"wp-block-quote\"><p><!-- \/divi:paragraph --><\/p><\/blockquote>\n<p>&nbsp;<\/p>\n<p>[\/et_pb_text][et_pb_button button_url=&#8220;http:\/\/www.heidi-feldenkrais.de\/#kontakt&#8220; button_text=&#8220;Kontakt&#8220; button_alignment=&#8220;center&#8220; _builder_version=&#8220;4.27.5&#8243; _module_preset=&#8220;0bac0cc4-81de-4f29-894c-67367c8fb29d&#8220; button_text_color=&#8220;#FFFFFF&#8220; button_bg_color=&#8220;#4A536B&#8220; button_border_color=&#8220;#FFFFFF&#8220; button_font=&#8220;|700||on|||||&#8220; global_colors_info=&#8220;{}&#8220;][\/et_pb_button][\/et_pb_column][\/et_pb_row][\/et_pb_section][et_pb_section fb_built=&#8220;1&#8243; fullwidth=&#8220;on&#8220; disabled_on=&#8220;on|on|on&#8220; _builder_version=&#8220;4.27.5&#8243; _module_preset=&#8220;default&#8220; background_color=&#8220;#FFFFFF&#8220; disabled=&#8220;on&#8220; global_colors_info=&#8220;{}&#8220;][et_pb_fullwidth_slider _builder_version=&#8220;4.27.5&#8243; _module_preset=&#8220;default&#8220; background_color=&#8220;#FFFFFF&#8220; global_colors_info=&#8220;{}&#8220;][et_pb_slide heading=&#8220;Konfuzius&#8220; _builder_version=&#8220;4.27.5&#8243; _module_preset=&#8220;default&#8220; header_level=&#8220;h2&#8243; header_font=&#8220;Lato||||||||&#8220; header_text_color=&#8220;#4A536B&#8220; body_font=&#8220;Lato|700|||||||&#8220; body_text_align=&#8220;center&#8220; body_text_color=&#8220;#4A536B&#8220; body_font_size=&#8220;17px&#8220; background_color=&#8220;#CABFB7&#8243; background_enable_color=&#8220;on&#8220; global_colors_info=&#8220;{}&#8220; sticky_transition=&#8220;on&#8220;]<\/p>\n<p>&#8222;Sage es mir und ich vergesse es; zeige es mir, und ich werde mich erinnern; la\u00df es mich tun und ich behalte es.&#8220;<\/p>\n<p>[\/et_pb_slide][et_pb_slide heading=&#8220;Mosh\u00e9 Feldenkrais&#8220; _builder_version=&#8220;4.27.5&#8243; _module_preset=&#8220;default&#8220; header_font=&#8220;Lato||||||||&#8220; header_text_color=&#8220;#4A536B&#8220; body_font=&#8220;Lato|700|||||||&#8220; body_text_color=&#8220;#4A536B&#8220; body_font_size=&#8220;17px&#8220; background_color=&#8220;#D9A5B3&#8243; background_enable_color=&#8220;on&#8220; global_colors_info=&#8220;{}&#8220; sticky_transition=&#8220;on&#8220;]<\/p>\n<p>&#8222;Bewegungen spiegeln den Zustand unseres Nervensystems.&#8220;<\/p>\n<p>[\/et_pb_slide][et_pb_slide heading=&#8220;Christian Morgenstern&#8220; _builder_version=&#8220;4.27.5&#8243; _module_preset=&#8220;default&#8220; header_font=&#8220;Lato||||||||&#8220; header_text_color=&#8220;#4A536B&#8220; body_font=&#8220;Lato|700|||||||&#8220; body_text_color=&#8220;#4A536B&#8220; body_font_size=&#8220;17px&#8220; background_color=&#8220;#D9A5B3&#8243; background_enable_color=&#8220;on&#8220; global_colors_info=&#8220;{}&#8220; sticky_transition=&#8220;on&#8220;]<\/p>\n<p>&#8222;Man sieht oft etwas hundert Mal, tausend Mal, ehe man es zum allerersten Mal wirklich sieht.&#8220;<\/p>\n<p>[\/et_pb_slide][et_pb_slide heading=&#8220;Mosh\u00e9 Feldenkrais&#8220; _builder_version=&#8220;4.27.5&#8243; _module_preset=&#8220;default&#8220; header_font=&#8220;Lato||||||||&#8220; header_text_color=&#8220;#4A536B&#8220; body_font=&#8220;Lato|700|||||||&#8220; body_text_color=&#8220;#4A536B&#8220; body_font_size=&#8220;17px&#8220; background_color=&#8220;#D9A5B3&#8243; background_enable_color=&#8220;on&#8220; global_colors_info=&#8220;{}&#8220; sticky_transition=&#8220;on&#8220;]<\/p>\n<p>&#8222;Um Bewegung zu verstehen braucht es Gef\u00fchl, nicht Anstrengung.&#8220;<\/p>\n<p>[\/et_pb_slide][et_pb_slide heading=&#8220;Henry Ford&#8220; _builder_version=&#8220;4.27.5&#8243; _module_preset=&#8220;default&#8220; header_font=&#8220;Lato||||||||&#8220; header_text_color=&#8220;#4A536B&#8220; body_font=&#8220;Lato|700|||||||&#8220; body_text_color=&#8220;#4A536B&#8220; body_font_size=&#8220;17px&#8220; background_color=&#8220;#D9A5B3&#8243; background_enable_color=&#8220;on&#8220; global_colors_info=&#8220;{}&#8220; sticky_transition=&#8220;on&#8220;]<\/p>\n<p>&#8222;Wer immer tut was er schon kann, bleibt immer das was er schon ist.&#8220;<\/p>\n<p>[\/et_pb_slide][\/et_pb_fullwidth_slider][\/et_pb_section][et_pb_section fb_built=&#8220;1&#8243; disabled_on=&#8220;on|on|on&#8220; admin_label=&#8220;Footer&#8220; _builder_version=&#8220;4.20.0&#8243; _module_preset=&#8220;default&#8220; background_color=&#8220;#000000&#8243; disabled=&#8220;on&#8220; saved_tabs=&#8220;all&#8220; collapsed=&#8220;on&#8220; global_colors_info=&#8220;{}&#8220;][et_pb_row _builder_version=&#8220;4.20.0&#8243; _module_preset=&#8220;default&#8220; global_colors_info=&#8220;{}&#8220;][et_pb_column type=&#8220;4_4&#8243; _builder_version=&#8220;4.20.0&#8243; _module_preset=&#8220;default&#8220; global_colors_info=&#8220;{}&#8220;][et_pb_text _builder_version=&#8220;4.20.0&#8243; _module_preset=&#8220;86e215ca-51a5-40bf-9a20-d3a7a521af57&#8243; header_2_text_color=&#8220;#FFFFFF&#8220; text_orientation=&#8220;center&#8220; global_colors_info=&#8220;{}&#8220;]<\/p>\n<h2>Let\u2019s make something amazing together<\/h2>\n<p>[\/et_pb_text][et_pb_contact_form captcha=&#8220;off&#8220; _builder_version=&#8220;4.20.0&#8243; _module_preset=&#8220;02ea5a4e-3d64-4388-beb5-ccdf7e7da695&#8243; max_width=&#8220;700px&#8220; module_alignment=&#8220;center&#8220; locked=&#8220;off&#8220; global_colors_info=&#8220;{}&#8220;][et_pb_contact_field field_id=&#8220;Name&#8220; field_title=&#8220;Name&#8220; fullwidth_field=&#8220;on&#8220; _builder_version=&#8220;4.16&#8243; _module_preset=&#8220;default&#8220; global_colors_info=&#8220;{}&#8220; button_text_size__hover_enabled=&#8220;off&#8220; button_one_text_size__hover_enabled=&#8220;off&#8220; button_two_text_size__hover_enabled=&#8220;off&#8220; button_text_color__hover_enabled=&#8220;off&#8220; button_one_text_color__hover_enabled=&#8220;off&#8220; button_two_text_color__hover_enabled=&#8220;off&#8220; button_border_width__hover_enabled=&#8220;off&#8220; button_one_border_width__hover_enabled=&#8220;off&#8220; button_two_border_width__hover_enabled=&#8220;off&#8220; button_border_color__hover_enabled=&#8220;off&#8220; button_one_border_color__hover_enabled=&#8220;off&#8220; button_two_border_color__hover_enabled=&#8220;off&#8220; button_border_radius__hover_enabled=&#8220;off&#8220; button_one_border_radius__hover_enabled=&#8220;off&#8220; button_two_border_radius__hover_enabled=&#8220;off&#8220; button_letter_spacing__hover_enabled=&#8220;off&#8220; button_one_letter_spacing__hover_enabled=&#8220;off&#8220; button_two_letter_spacing__hover_enabled=&#8220;off&#8220; button_bg_color__hover_enabled=&#8220;off&#8220; button_one_bg_color__hover_enabled=&#8220;off&#8220; button_two_bg_color__hover_enabled=&#8220;off&#8220;][\/et_pb_contact_field][et_pb_contact_field field_id=&#8220;Email&#8220; field_title=&#8220;Email Address&#8220; field_type=&#8220;email&#8220; fullwidth_field=&#8220;on&#8220; _builder_version=&#8220;4.16&#8243; _module_preset=&#8220;default&#8220; global_colors_info=&#8220;{}&#8220; button_text_size__hover_enabled=&#8220;off&#8220; button_one_text_size__hover_enabled=&#8220;off&#8220; button_two_text_size__hover_enabled=&#8220;off&#8220; button_text_color__hover_enabled=&#8220;off&#8220; button_one_text_color__hover_enabled=&#8220;off&#8220; button_two_text_color__hover_enabled=&#8220;off&#8220; button_border_width__hover_enabled=&#8220;off&#8220; button_one_border_width__hover_enabled=&#8220;off&#8220; button_two_border_width__hover_enabled=&#8220;off&#8220; button_border_color__hover_enabled=&#8220;off&#8220; button_one_border_color__hover_enabled=&#8220;off&#8220; button_two_border_color__hover_enabled=&#8220;off&#8220; button_border_radius__hover_enabled=&#8220;off&#8220; button_one_border_radius__hover_enabled=&#8220;off&#8220; button_two_border_radius__hover_enabled=&#8220;off&#8220; button_letter_spacing__hover_enabled=&#8220;off&#8220; button_one_letter_spacing__hover_enabled=&#8220;off&#8220; button_two_letter_spacing__hover_enabled=&#8220;off&#8220; button_bg_color__hover_enabled=&#8220;off&#8220; button_one_bg_color__hover_enabled=&#8220;off&#8220; button_two_bg_color__hover_enabled=&#8220;off&#8220;][\/et_pb_contact_field][et_pb_contact_field field_id=&#8220;Message&#8220; field_title=&#8220;Message&#8220; field_type=&#8220;text&#8220; fullwidth_field=&#8220;on&#8220; _builder_version=&#8220;4.16&#8243; _module_preset=&#8220;default&#8220; global_colors_info=&#8220;{}&#8220; button_text_size__hover_enabled=&#8220;off&#8220; button_one_text_size__hover_enabled=&#8220;off&#8220; button_two_text_size__hover_enabled=&#8220;off&#8220; button_text_color__hover_enabled=&#8220;off&#8220; button_one_text_color__hover_enabled=&#8220;off&#8220; button_two_text_color__hover_enabled=&#8220;off&#8220; button_border_width__hover_enabled=&#8220;off&#8220; button_one_border_width__hover_enabled=&#8220;off&#8220; button_two_border_width__hover_enabled=&#8220;off&#8220; button_border_color__hover_enabled=&#8220;off&#8220; button_one_border_color__hover_enabled=&#8220;off&#8220; button_two_border_color__hover_enabled=&#8220;off&#8220; button_border_radius__hover_enabled=&#8220;off&#8220; button_one_border_radius__hover_enabled=&#8220;off&#8220; button_two_border_radius__hover_enabled=&#8220;off&#8220; button_letter_spacing__hover_enabled=&#8220;off&#8220; button_one_letter_spacing__hover_enabled=&#8220;off&#8220; button_two_letter_spacing__hover_enabled=&#8220;off&#8220; button_bg_color__hover_enabled=&#8220;off&#8220; button_one_bg_color__hover_enabled=&#8220;off&#8220; button_two_bg_color__hover_enabled=&#8220;off&#8220;][\/et_pb_contact_field][\/et_pb_contact_form][et_pb_social_media_follow _builder_version=&#8220;4.20.0&#8243; _module_preset=&#8220;default&#8220; text_orientation=&#8220;center&#8220; text_orientation_tablet=&#8220;left&#8220; text_orientation_last_edited=&#8220;off|desktop&#8220; border_radii=&#8220;on|100px|100px|100px|100px&#8220; border_width_all=&#8220;1px&#8220; border_color_all=&#8220;#FFFFFF&#8220; locked=&#8220;off&#8220; global_colors_info=&#8220;{}&#8220;][et_pb_social_media_follow_network social_network=&#8220;facebook&#8220; _builder_version=&#8220;4.20.0&#8243; _module_preset=&#8220;default&#8220; custom_padding=&#8220;4px|4px|4px|4px|true|true&#8220; global_colors_info=&#8220;{}&#8220; follow_button=&#8220;off&#8220; url_new_window=&#8220;on&#8220;]facebook[\/et_pb_social_media_follow_network][et_pb_social_media_follow_network social_network=&#8220;twitter&#8220; _builder_version=&#8220;4.20.0&#8243; _module_preset=&#8220;default&#8220; custom_padding=&#8220;4px|4px|4px|4px|true|true&#8220; global_colors_info=&#8220;{}&#8220; follow_button=&#8220;off&#8220; url_new_window=&#8220;on&#8220;]twitter[\/et_pb_social_media_follow_network][et_pb_social_media_follow_network social_network=&#8220;instagram&#8220; _builder_version=&#8220;4.20.0&#8243; _module_preset=&#8220;default&#8220; custom_padding=&#8220;4px|4px|4px|4px|true|true&#8220; global_colors_info=&#8220;{}&#8220; follow_button=&#8220;off&#8220; url_new_window=&#8220;on&#8220;]instagram[\/et_pb_social_media_follow_network][\/et_pb_social_media_follow][\/et_pb_column][\/et_pb_row][et_pb_row column_structure=&#8220;1_3,1_3,1_3&#8243; _builder_version=&#8220;4.20.0&#8243; _module_preset=&#8220;default&#8220; border_color_all=&#8220;gcid-e6f8585f-043d-4f05-ad96-fb05b9e45208&#8243; border_width_top=&#8220;1px&#8220; global_colors_info=&#8220;{%22gcid-e6f8585f-043d-4f05-ad96-fb05b9e45208%22:%91%22border_color_all%22%93}&#8220;][et_pb_column type=&#8220;1_3&#8243; _builder_version=&#8220;4.20.0&#8243; _module_preset=&#8220;default&#8220; global_colors_info=&#8220;{}&#8220;][et_pb_text _builder_version=&#8220;4.20.0&#8243; _module_preset=&#8220;29722ed6-c59f-46ab-8326-2f221e615d7e&#8220; header_5_text_color=&#8220;#FFFFFF&#8220; custom_margin=&#8220;||0px||false|false&#8220; text_orientation_tablet=&#8220;center&#8220; text_orientation_phone=&#8220;&#8220; text_orientation_last_edited=&#8220;on|tablet&#8220; global_colors_info=&#8220;{}&#8220;]<\/p>\n<h5>Location<\/h5>\n<p>[\/et_pb_text][et_pb_text _builder_version=&#8220;4.20.0&#8243; _module_preset=&#8220;66240cde-9032-45f8-9bd6-601de9ca6b15&#8243; link_text_color=&#8220;gcid-e6f8585f-043d-4f05-ad96-fb05b9e45208&#8243; text_orientation_tablet=&#8220;center&#8220; text_orientation_phone=&#8220;&#8220; text_orientation_last_edited=&#8220;on|tablet&#8220; global_colors_info=&#8220;{%22gcid-e6f8585f-043d-4f05-ad96-fb05b9e45208%22:%91%22link_text_color%22%93}&#8220;]<\/p>\n<p>San Francisco, CA<\/p>\n<p>[\/et_pb_text][\/et_pb_column][et_pb_column type=&#8220;1_3&#8243; _builder_version=&#8220;4.20.0&#8243; _module_preset=&#8220;default&#8220; global_colors_info=&#8220;{}&#8220;][et_pb_text _builder_version=&#8220;4.20.0&#8243; _module_preset=&#8220;29722ed6-c59f-46ab-8326-2f221e615d7e&#8220; header_5_text_color=&#8220;#FFFFFF&#8220; text_orientation=&#8220;center&#8220; custom_margin=&#8220;||0px||false|false&#8220; global_colors_info=&#8220;{}&#8220;]<\/p>\n<h5>Phone<\/h5>\n<p>[\/et_pb_text][et_pb_text _builder_version=&#8220;4.20.0&#8243; _module_preset=&#8220;66240cde-9032-45f8-9bd6-601de9ca6b15&#8243; link_text_color=&#8220;gcid-e6f8585f-043d-4f05-ad96-fb05b9e45208&#8243; text_orientation=&#8220;center&#8220; global_colors_info=&#8220;{%22gcid-e6f8585f-043d-4f05-ad96-fb05b9e45208%22:%91%22link_text_color%22%93}&#8220;]<\/p>\n<p>(255) 352-6258<\/p>\n<p>[\/et_pb_text][\/et_pb_column][et_pb_column type=&#8220;1_3&#8243; _builder_version=&#8220;4.20.0&#8243; _module_preset=&#8220;default&#8220; global_colors_info=&#8220;{}&#8220;][et_pb_text _builder_version=&#8220;4.20.0&#8243; _module_preset=&#8220;29722ed6-c59f-46ab-8326-2f221e615d7e&#8220; header_5_text_color=&#8220;#FFFFFF&#8220; text_orientation=&#8220;right&#8220; custom_margin=&#8220;||0px||false|false&#8220; text_orientation_tablet=&#8220;center&#8220; text_orientation_phone=&#8220;&#8220; text_orientation_last_edited=&#8220;on|tablet&#8220; global_colors_info=&#8220;{}&#8220;]<\/p>\n<h5>Email<\/h5>\n<p>[\/et_pb_text][et_pb_text _builder_version=&#8220;4.20.0&#8243; _module_preset=&#8220;66240cde-9032-45f8-9bd6-601de9ca6b15&#8243; link_text_color=&#8220;gcid-e6f8585f-043d-4f05-ad96-fb05b9e45208&#8243; text_orientation=&#8220;right&#8220; text_orientation_tablet=&#8220;center&#8220; text_orientation_phone=&#8220;&#8220; text_orientation_last_edited=&#8220;on|tablet&#8220; global_colors_info=&#8220;{%22gcid-e6f8585f-043d-4f05-ad96-fb05b9e45208%22:%91%22link_text_color%22%93}&#8220;]<a href=\"mailto:#\">hello@diviphotographer.com<\/a>[\/et_pb_text][\/et_pb_column][\/et_pb_row][\/et_pb_section]<\/p>\n","protected":false},"excerpt":{"rendered":"<p>&#8222;Bewu\u00dftheit gibt uns die Freiheit, eine Wahl zu treffen.&#8220;Mosh\u00e9 Feldenkrais Ich bin Heidi Zimmermann, 1978 geboren und wohne mit meinem Mann, meinen beiden T\u00f6chtern und unserem wundervollen Labrador in Sch\u00f6mberg.Die Feldenkrais- Arbeit hat mich von der ersten Stunde an fasziniert. Sie erm\u00f6glicht mir, mich immer wieder neu zu entdecken, meinen K\u00f6rper besser zu verstehen, mehr [&hellip;]<\/p>\n","protected":false},"author":1,"featured_media":0,"parent":0,"menu_order":0,"comment_status":"closed","ping_status":"closed","template":"","meta":{"_et_pb_use_builder":"on","_et_pb_old_content":"<!-- wp:quote -->\n<blockquote class=\"wp-block-quote\"><!-- wp:paragraph -->\n<p><strong>Man sieht oft etwas hundert Mal, tausend Mal, ehe man es zum allerersten Mal wirklich sieht.<br><\/strong>(Christian Morgenstern)<\/p>\n<!-- \/wp:paragraph --><\/blockquote>\n<!-- \/wp:quote -->\n\n<!-- wp:paragraph -->\n<p><\/p>\n<!-- \/wp:paragraph -->\n\n<!-- wp:paragraph -->\n<p>Mein Name ist Heidi Zimmermann. Ich bin 1978 geboren und wohne mit meinem Mann, meinen zwei Kindern und unserem Hund in Sch\u00f6mberg.<\/p>\n<!-- \/wp:paragraph -->\n\n<!-- wp:paragraph -->\n<p>Zur Zeit absolviere ich das vierte Jahr der Feldenkrais- Ausbildung in Bad T\u00f6lz bei Beatriz Walterspiel, eine der letzten Trainerinnen, die Moshe Feldenkrais noch als Lehrer kennenlernen durfte. Seit M\u00e4rz 2023 biete ich als Feldenkrais- Lehrerin i.A. Gruppenstunden in 'Bewusstheit durch Bewegung' an.<br>Mich hat die Feldenkrais-Arbeit von der ersten Stunde an fasziniert. Sie erm\u00f6glicht mir mich immer wieder neu zu entdecken, meinen K\u00f6rper besser zu verstehen, mehr Lebensenergie zu haben, meinen Blick weiter und meinen Alltag leichter werden zu lassen.<\/p>\n<!-- \/wp:paragraph -->\n\n<!-- wp:paragraph -->\n<p><\/p>\n<!-- \/wp:paragraph -->\n\n<!-- wp:paragraph -->\n<p><strong>Erfahrungen und Seminare mit Feldenkrais:<\/strong><br>- seit 2017 bis heute Feldenkrais- Kurse bei Gabriele Ke\u00dfler- Schlicksupp<br>- Feldenkrais-Workshops bei Gabriele Ke\u00dfler- Schlicksupp, Andreas Schulz, Matthias Riessland,  Anna Triebel- Thome, Beatriz Walterspiel<br>- regelm\u00e4ssiges Treffen und Austausch mit Kollegen <\/p>\n<!-- \/wp:paragraph -->\n\n<!-- wp:paragraph -->\n<p><strong>Fortbildung:<\/strong><br>- \"Lernen braucht Bewegung\" ATM's f\u00fcr Kindergruppen (<a href=\"http:\/\/www.feldenkrais-schulekita.de\">http:\/\/www.feldenkrais-schulekita.de<\/a>)<\/p>\n<!-- \/wp:paragraph -->\n\n<!-- wp:quote -->\n<blockquote class=\"wp-block-quote\"><!-- wp:paragraph -->\n<p>Man sieht oft etwas hundert Mal, tausend Mal, ehe man es zum allerersten Mal wirklich sieht.<br>(Christian Morgenstern)<\/p>\n<!-- \/wp:paragraph -->\n\n<!-- wp:paragraph -->\n<p><\/p>\n<!-- \/wp:paragraph --><\/blockquote>\n<!-- \/wp:quote -->\n\n<!-- wp:paragraph -->\n<p><\/p>\n<!-- \/wp:paragraph -->","_et_gb_content_width":"","footnotes":""},"class_list":["post-15","page","type-page","status-publish","hentry"],"_links":{"self":[{"href":"https:\/\/www.heidi-feldenkrais.de\/sample-page\/index.php?rest_route=\/wp\/v2\/pages\/15","targetHints":{"allow":["GET"]}}],"collection":[{"href":"https:\/\/www.heidi-feldenkrais.de\/sample-page\/index.php?rest_route=\/wp\/v2\/pages"}],"about":[{"href":"https:\/\/www.heidi-feldenkrais.de\/sample-page\/index.php?rest_route=\/wp\/v2\/types\/page"}],"author":[{"embeddable":true,"href":"https:\/\/www.heidi-feldenkrais.de\/sample-page\/index.php?rest_route=\/wp\/v2\/users\/1"}],"replies":[{"embeddable":true,"href":"https:\/\/www.heidi-feldenkrais.de\/sample-page\/index.php?rest_route=%2Fwp%2Fv2%2Fcomments&post=15"}],"version-history":[{"count":9,"href":"https:\/\/www.heidi-feldenkrais.de\/sample-page\/index.php?rest_route=\/wp\/v2\/pages\/15\/revisions"}],"predecessor-version":[{"id":2044,"href":"https:\/\/www.heidi-feldenkrais.de\/sample-page\/index.php?rest_route=\/wp\/v2\/pages\/15\/revisions\/2044"}],"wp:attachment":[{"href":"https:\/\/www.heidi-feldenkrais.de\/sample-page\/index.php?rest_route=%2Fwp%2Fv2%2Fmedia&parent=15"}],"curies":[{"name":"wp","href":"https:\/\/api.w.org\/{rel}","templated":true}]}}